{"id":1531,"date":"2022-09-12T19:57:57","date_gmt":"2022-09-12T23:57:57","guid":{"rendered":"https:\/\/www.contigo.com.py\/contato\/"},"modified":"2023-08-01T11:54:06","modified_gmt":"2023-08-01T15:54:06","slug":"contato","status":"publish","type":"page","link":"https:\/\/www.contigo.com.py\/pt-br\/contato\/","title":{"rendered":"Contato"},"content":{"rendered":"<div class='flex_column av-k6gle-81070849848542043668acb00d96abed av_two_fifth  avia-builder-el-0  el_before_av_three_fifth  avia-builder-el-first  first flex_column_div '     ><p>\n<style type=\"text\/css\" data-created_by=\"avia_inline_auto\" id=\"style-css-av-d9pci-159e61137db89f7956c660249c67b330\">\n.avia-image-container.av-d9pci-159e61137db89f7956c660249c67b330 img.avia_image{\nbox-shadow:none;\n}\n.avia-image-container.av-d9pci-159e61137db89f7956c660249c67b330 .av-image-caption-overlay-center{\ncolor:#ffffff;\n}\n<\/style>\n<div  class='avia-image-container av-d9pci-159e61137db89f7956c660249c67b330 av-styling- avia-align-center  avia-builder-el-1  el_before_av_textblock  avia-builder-el-first '   itemprop=\"image\" itemscope=\"itemscope\" itemtype=\"https:\/\/schema.org\/ImageObject\" ><div class=\"avia-image-container-inner\"><div class=\"avia-image-overlay-wrap\"><a href=\"https:\/\/www.remax.com.py\/es-py\/oficinas\/paraguay\/bella-vista\/remax-contigo\/143054\" class='avia_image' target=\"_blank\" rel=\"noopener noreferrer\"><img decoding=\"async\" class='wp-image-1439 avia-img-lazy-loading-not-1439 avia_image ' src=\"https:\/\/www.contigo.com.py\/wp-content\/uploads\/2021\/10\/cartel-1024x501.jpg\" alt='' title='cartel'  height=\"501\" width=\"1024\"  itemprop=\"thumbnailUrl\" srcset=\"https:\/\/www.contigo.com.py\/wp-content\/uploads\/2021\/10\/cartel-1024x501.jpg 1024w, https:\/\/www.contigo.com.py\/wp-content\/uploads\/2021\/10\/cartel-300x147.jpg 300w, https:\/\/www.contigo.com.py\/wp-content\/uploads\/2021\/10\/cartel-768x376.jpg 768w, https:\/\/www.contigo.com.py\/wp-content\/uploads\/2021\/10\/cartel-1080x528.jpg 1080w, https:\/\/www.contigo.com.py\/wp-content\/uploads\/2021\/10\/cartel-1280x626.jpg 1280w, https:\/\/www.contigo.com.py\/wp-content\/uploads\/2021\/10\/cartel-980x479.jpg 980w, https:\/\/www.contigo.com.py\/wp-content\/uploads\/2021\/10\/cartel-480x235.jpg 480w, https:\/\/www.contigo.com.py\/wp-content\/uploads\/2021\/10\/cartel.jpg 1515w\" sizes=\"(max-width: 1024px) 100vw, 1024px\" \/><\/a><\/div><\/div><\/div><br \/>\n\n<style type=\"text\/css\" data-created_by=\"avia_inline_auto\" id=\"style-css-av-l7zfdpm8-053ca233e4311a4ce25e136347f2b5cb\">\n#top .av_textblock_section.av-l7zfdpm8-053ca233e4311a4ce25e136347f2b5cb .avia_textblock{\ntext-align:left;\n}\n<\/style>\n<section  class='av_textblock_section av-l7zfdpm8-053ca233e4311a4ce25e136347f2b5cb'  itemscope=\"itemscope\" itemtype=\"https:\/\/schema.org\/CreativeWork\" ><div class='avia_textblock'  itemprop=\"text\" ><h3 class=\"et_pb_module_header\">Entre em contato conosco<\/h3>\n<div class=\"qzhwtbm6 knvmm38d\"><a href=\"tel:+595983282444\"><span class=\"d2edcug0 hpfvmrgz qv66sw1b c1et5uql oi732d6d ik7dh3pa ht8s03o8 a8c37x1j keod5gw0 nxhoafnm aigsh9s9 d9wwppkn fe6kdd0r mau55g9w c8b282yb iv3no6db jq4qci2q a3bd9o3v b1v8xokw oo9gr5id hzawbc8m\" dir=\"auto\"><span class=\"d2edcug0 hpfvmrgz qv66sw1b c1et5uql oi732d6d ik7dh3pa ht8s03o8 jq4qci2q a3bd9o3v b1v8xokw oo9gr5id\">+595 983 282444<\/span><\/span><\/a><\/div>\n<div class=\"qzhwtbm6 knvmm38d\"><a href=\"tel:+59521282444\"><span class=\"d2edcug0 hpfvmrgz qv66sw1b c1et5uql oi732d6d ik7dh3pa ht8s03o8 a8c37x1j keod5gw0 nxhoafnm aigsh9s9 d9wwppkn fe6kdd0r mau55g9w c8b282yb iv3no6db jq4qci2q a3bd9o3v b1v8xokw oo9gr5id hzawbc8m\" dir=\"auto\"><span class=\"d2edcug0 hpfvmrgz qv66sw1b c1et5uql oi732d6d ik7dh3pa ht8s03o8 jq4qci2q a3bd9o3v b1v8xokw oo9gr5id\">+595 21 282444<\/span><\/span><\/a><\/div>\n<div class=\"qzhwtbm6 knvmm38d\">\n<div>\n<div class=\"dwo3fsh8 g5ia77u1 rt8b4zig n8ej3o3l agehan2d sk4xxmp2 rq0escxv q9uorilb kvgmc6g5 cxmmr5t8 oygrvhab hcukyx3x jb3vyjys rz4wbd8a qt6c0cv9 a8nywdso l9j0dhe7 i1ao9s8h k4urcfbm\">\n<div class=\"j83agx80 cbu4d94t sj5x9vvc cxgpxx05\">\n<div class=\"rq0escxv l9j0dhe7 du4w35lb j83agx80 pfnyh3mw jifvfom9 ll8tlv6m owycx6da btwxx1t3 hv4rvrfc dati1w0a jb3vyjys b5q2rw42 lq239pai mysgfdmx hddg9phg\">\n<div class=\"rq0escxv l9j0dhe7 du4w35lb j83agx80 cbu4d94t g5gj957u d2edcug0 hpfvmrgz rj1gh0hx buofh1pr o8rfisnq p8fzw8mz pcp91wgn iuny7tx3 ipjc6fyt\">\n<div class=\"j83agx80 cbu4d94t ew0dbk1b irj2b8pg\">\n<div class=\"qzhwtbm6 knvmm38d\"><span class=\"d2edcug0 hpfvmrgz qv66sw1b c1et5uql oi732d6d ik7dh3pa ht8s03o8 a8c37x1j keod5gw0 nxhoafnm aigsh9s9 d9wwppkn fe6kdd0r mau55g9w c8b282yb iv3no6db jq4qci2q a3bd9o3v b1v8xokw oo9gr5id hzawbc8m\" dir=\"auto\"><span class=\"d2edcug0 hpfvmrgz qv66sw1b c1et5uql oi732d6d ik7dh3pa ht8s03o8 jq4qci2q a3bd9o3v b1v8xokw py34i1dx\"><a class=\"oajrlxb2 g5ia77u1 qu0x051f esr5mh6w e9989ue4 r7d6kgcz rq0escxv nhd2j8a9 nc684nl6 p7hjln8o kvgmc6g5 cxmmr5t8 oygrvhab hcukyx3x jb3vyjys rz4wbd8a qt6c0cv9 a8nywdso i1ao9s8h esuyzwwr f1sip0of lzcic4wl py34i1dx gpro0wi8\" tabindex=\"0\" role=\"link\" href=\"mailto:contigo@remax.com.py\" target=\"_blank\" rel=\"noopener\">contigo@remax.com.py<\/a><\/span><\/span><\/div>\n<div class=\"qzhwtbm6 knvmm38d\">\n<div class=\"qzhwtbm6 knvmm38d\"><strong><span class=\"d2edcug0 hpfvmrgz qv66sw1b c1et5uql oi732d6d ik7dh3pa ht8s03o8 a8c37x1j keod5gw0 nxhoafnm aigsh9s9 d9wwppkn fe6kdd0r mau55g9w c8b282yb iv3no6db jq4qci2q a3bd9o3v b1v8xokw oo9gr5id hzawbc8m\" dir=\"auto\"><span class=\"d2edcug0 hpfvmrgz qv66sw1b c1et5uql oi732d6d ik7dh3pa ht8s03o8 jq4qci2q a3bd9o3v b1v8xokw py34i1dx\">N\u00f3s falamos portugu\u00eas<\/span><\/span><\/strong><\/div>\n<\/div>\n<div class=\"qzhwtbm6 knvmm38d\"><span class=\"d2edcug0 hpfvmrgz qv66sw1b c1et5uql oi732d6d ik7dh3pa ht8s03o8 a8c37x1j keod5gw0 nxhoafnm aigsh9s9 d9wwppkn fe6kdd0r mau55g9w c8b282yb iv3no6db jq4qci2q a3bd9o3v b1v8xokw oo9gr5id hzawbc8m\" dir=\"auto\"><span class=\"d2edcug0 hpfvmrgz qv66sw1b c1et5uql oi732d6d ik7dh3pa ht8s03o8 jq4qci2q a3bd9o3v b1v8xokw py34i1dx\">Cervantes esq. Jos\u00e9 Verdi 1615<br \/>\nAsunci\u00f3n, Paraguay<\/span><\/span><\/div>\n<\/div>\n<\/div>\n<\/div>\n<\/div>\n<\/div>\n<\/div>\n<\/div>\n<\/div><\/section><\/p><\/div>\n\n<style type=\"text\/css\" data-created_by=\"avia_inline_auto\" id=\"style-css-av-p5oi-bdc6e0af776b862988ebc94ccf730fff\">\n.flex_column.av-p5oi-bdc6e0af776b862988ebc94ccf730fff{\n-webkit-border-radius:3px 3px 3px 3px;\n-moz-border-radius:3px 3px 3px 3px;\nborder-radius:3px 3px 3px 3px;\npadding:15px 15px 15px 15px;\nbackground-color:#e5e5e5;\n}\n<\/style>\n<div class='flex_column av-p5oi-bdc6e0af776b862988ebc94ccf730fff av_three_fifth  avia-builder-el-3  el_after_av_two_fifth  avia-builder-el-last  flex_column_div '     ><p>\n<style type=\"text\/css\" data-created_by=\"avia_inline_auto\" id=\"style-css-av-l7zfar33-8d06168fee293a471f32f95ceb3ffff2\">\n#top .av-special-heading.av-l7zfar33-8d06168fee293a471f32f95ceb3ffff2{\npadding-bottom:10px;\ncolor:#b20000;\n}\nbody .av-special-heading.av-l7zfar33-8d06168fee293a471f32f95ceb3ffff2 .av-special-heading-tag .heading-char{\nfont-size:25px;\n}\n.av-special-heading.av-l7zfar33-8d06168fee293a471f32f95ceb3ffff2 .special-heading-inner-border{\nborder-color:#b20000;\n}\n.av-special-heading.av-l7zfar33-8d06168fee293a471f32f95ceb3ffff2 .av-subheading{\nfont-size:25px;\ncolor:#666666;\n}\n<\/style>\n<div  class='av-special-heading av-l7zfar33-8d06168fee293a471f32f95ceb3ffff2 av-special-heading-h1 custom-color-heading blockquote modern-quote  avia-builder-el-4  el_before_av_contact  avia-builder-el-first '><h1 class='av-special-heading-tag'  itemprop=\"headline\"  >Voc\u00ea gostaria de comprar ou alugar um im\u00f3vel?<\/h1><div class='av_custom_color av-subheading av-subheading_below'><p>Escreva para n\u00f3s e entraremos em contato com voc\u00ea o mais r\u00e1pido poss\u00edvel.<\/p>\n<\/div><div class=\"special-heading-border\"><div class=\"special-heading-inner-border\"><\/div><\/div><\/div><br \/>\n<form action=\"https:\/\/www.contigo.com.py\/pt-br\/contato\/\" method=\"post\"  class=\"avia_ajax_form av-form-labels-visible   avia-builder-el-5  el_after_av_heading  avia-builder-el-last   \" data-avia-form-id=\"1\" data-avia-redirect='' ><fieldset><p class='  first_form  form_element form_fullwidth' id='element_avia_1_1'><label for=\"avia_1_1\">Nome e sobrenome <abbr class=\"required\" title=\"required\">*<\/abbr><\/label> <input name=\"avia_1_1\" class=\"text_input is_empty\" type=\"text\" id=\"avia_1_1\" value=\"\" \/><\/p><p class='  first_form  form_element form_element_half' id='element_avia_2_1'><label for=\"avia_2_1\">e-mail <abbr class=\"required\" title=\"required\">*<\/abbr><\/label> <input name=\"avia_2_1\" class=\"text_input is_email\" type=\"text\" id=\"avia_2_1\" value=\"\" \/><\/p><p class='  form_element form_element_half' id='element_avia_3_1'><label for=\"avia_3_1\">Seu n\u00famero de telefone <abbr class=\"required\" title=\"required\">*<\/abbr><\/label> <input name=\"avia_3_1\" class=\"text_input is_phone\" type=\"text\" id=\"avia_3_1\" value=\"\" \/><\/p><p class='  first_form  form_element form_fullwidth av-last-visible-form-element' id='element_avia_4_1'><label for=\"avia_4_1\" class=\"textare_label hidden textare_label_avia_4_1\">Como podemos ajudar?<\/label><textarea  name=\"avia_4_1\" class=\"text_area \" cols=\"40\" rows=\"7\" id=\"avia_4_1\" ><\/textarea><\/p><p class=\"hidden\"><input type=\"text\" name=\"avia_5_1\" class=\"hidden \" id=\"avia_5_1\" value=\"\" \/><\/p><p class=\"form_element \"><input type=\"hidden\" value=\"1\" name=\"avia_generated_form1\" \/><input type=\"submit\" value=\"Enviar\" class=\"button\"  data-sending-label=\"Sending\"\/><\/p><\/fieldset><\/form><div id=\"ajaxresponse_1\" class=\"ajaxresponse ajaxresponse_1 hidden\"><\/div><\/p><\/div>\n","protected":false},"excerpt":{"rendered":"","protected":false},"author":3,"featured_media":0,"parent":0,"menu_order":0,"comment_status":"closed","ping_status":"closed","template":"","meta":{"_joinchat":[],"footnotes":""},"class_list":["post-1531","page","type-page","status-publish","hentry"],"yoast_head":"<!-- This site is optimized with the Yoast SEO plugin v21.8 - https:\/\/yoast.com\/wordpress\/plugins\/seo\/ -->\n<title>Contato - REMAX Contigo<\/title>\n<meta name=\"robots\" content=\"index, follow, max-snippet:-1, max-image-preview:large, max-video-preview:-1\" \/>\n<link rel=\"canonical\" href=\"https:\/\/www.contigo.com.py\/pt-br\/contato\/\" \/>\n<meta property=\"og:locale\" content=\"pt_BR\" \/>\n<meta property=\"og:type\" content=\"article\" \/>\n<meta property=\"og:title\" content=\"Contato - REMAX Contigo\" \/>\n<meta property=\"og:url\" content=\"https:\/\/www.contigo.com.py\/pt-br\/contato\/\" \/>\n<meta property=\"og:site_name\" content=\"REMAX Contigo\" \/>\n<meta property=\"article:publisher\" content=\"https:\/\/www.facebook.com\/remaxcontigopy\" \/>\n<meta property=\"article:modified_time\" content=\"2023-08-01T15:54:06+00:00\" \/>\n<meta name=\"twitter:card\" content=\"summary_large_image\" \/>\n<meta name=\"twitter:label1\" content=\"Est. tempo de leitura\" \/>\n\t<meta name=\"twitter:data1\" content=\"9 minutos\" \/>\n<script type=\"application\/ld+json\" class=\"yoast-schema-graph\">{\"@context\":\"https:\/\/schema.org\",\"@graph\":[{\"@type\":\"WebPage\",\"@id\":\"https:\/\/www.contigo.com.py\/pt-br\/contato\/\",\"url\":\"https:\/\/www.contigo.com.py\/pt-br\/contato\/\",\"name\":\"Contato - REMAX Contigo\",\"isPartOf\":{\"@id\":\"https:\/\/www.contigo.com.py\/pt-br\/#website\"},\"datePublished\":\"2022-09-12T23:57:57+00:00\",\"dateModified\":\"2023-08-01T15:54:06+00:00\",\"breadcrumb\":{\"@id\":\"https:\/\/www.contigo.com.py\/pt-br\/contato\/#breadcrumb\"},\"inLanguage\":\"pt-BR\",\"potentialAction\":[{\"@type\":\"ReadAction\",\"target\":[\"https:\/\/www.contigo.com.py\/pt-br\/contato\/\"]}]},{\"@type\":\"BreadcrumbList\",\"@id\":\"https:\/\/www.contigo.com.py\/pt-br\/contato\/#breadcrumb\",\"itemListElement\":[{\"@type\":\"ListItem\",\"position\":1,\"name\":\"Home\",\"item\":\"https:\/\/www.contigo.com.py\/pt-br\/\"},{\"@type\":\"ListItem\",\"position\":2,\"name\":\"Contato\"}]},{\"@type\":\"WebSite\",\"@id\":\"https:\/\/www.contigo.com.py\/pt-br\/#website\",\"url\":\"https:\/\/www.contigo.com.py\/pt-br\/\",\"name\":\"REMAX Contigo\",\"description\":\"#siempreCONTIGO\",\"publisher\":{\"@id\":\"https:\/\/www.contigo.com.py\/pt-br\/#organization\"},\"potentialAction\":[{\"@type\":\"SearchAction\",\"target\":{\"@type\":\"EntryPoint\",\"urlTemplate\":\"https:\/\/www.contigo.com.py\/pt-br\/?s={search_term_string}\"},\"query-input\":\"required name=search_term_string\"}],\"inLanguage\":\"pt-BR\"},{\"@type\":\"Organization\",\"@id\":\"https:\/\/www.contigo.com.py\/pt-br\/#organization\",\"name\":\"Re\/Max CONTIGO\",\"url\":\"https:\/\/www.contigo.com.py\/pt-br\/\",\"logo\":{\"@type\":\"ImageObject\",\"inLanguage\":\"pt-BR\",\"@id\":\"https:\/\/www.contigo.com.py\/pt-br\/#\/schema\/logo\/image\/\",\"url\":\"https:\/\/www.contigo.com.py\/wp-content\/uploads\/2021\/11\/cropped-Logo.jpg\",\"contentUrl\":\"https:\/\/www.contigo.com.py\/wp-content\/uploads\/2021\/11\/cropped-Logo.jpg\",\"width\":512,\"height\":512,\"caption\":\"Re\/Max CONTIGO\"},\"image\":{\"@id\":\"https:\/\/www.contigo.com.py\/pt-br\/#\/schema\/logo\/image\/\"},\"sameAs\":[\"https:\/\/www.facebook.com\/remaxcontigopy\",\"https:\/\/www.instagram.com\/remaxcontigo\",\"https:\/\/t.me\/ImmobilieParaguay\",\"https:\/\/wa.me\/c\/595983282444\"]}]}<\/script>\n<!-- \/ Yoast SEO plugin. -->","yoast_head_json":{"title":"Contato - REMAX Contigo","robots":{"index":"index","follow":"follow","max-snippet":"max-snippet:-1","max-image-preview":"max-image-preview:large","max-video-preview":"max-video-preview:-1"},"canonical":"https:\/\/www.contigo.com.py\/pt-br\/contato\/","og_locale":"pt_BR","og_type":"article","og_title":"Contato - REMAX Contigo","og_url":"https:\/\/www.contigo.com.py\/pt-br\/contato\/","og_site_name":"REMAX Contigo","article_publisher":"https:\/\/www.facebook.com\/remaxcontigopy","article_modified_time":"2023-08-01T15:54:06+00:00","twitter_card":"summary_large_image","twitter_misc":{"Est. tempo de leitura":"9 minutos"},"schema":{"@context":"https:\/\/schema.org","@graph":[{"@type":"WebPage","@id":"https:\/\/www.contigo.com.py\/pt-br\/contato\/","url":"https:\/\/www.contigo.com.py\/pt-br\/contato\/","name":"Contato - REMAX Contigo","isPartOf":{"@id":"https:\/\/www.contigo.com.py\/pt-br\/#website"},"datePublished":"2022-09-12T23:57:57+00:00","dateModified":"2023-08-01T15:54:06+00:00","breadcrumb":{"@id":"https:\/\/www.contigo.com.py\/pt-br\/contato\/#breadcrumb"},"inLanguage":"pt-BR","potentialAction":[{"@type":"ReadAction","target":["https:\/\/www.contigo.com.py\/pt-br\/contato\/"]}]},{"@type":"BreadcrumbList","@id":"https:\/\/www.contigo.com.py\/pt-br\/contato\/#breadcrumb","itemListElement":[{"@type":"ListItem","position":1,"name":"Home","item":"https:\/\/www.contigo.com.py\/pt-br\/"},{"@type":"ListItem","position":2,"name":"Contato"}]},{"@type":"WebSite","@id":"https:\/\/www.contigo.com.py\/pt-br\/#website","url":"https:\/\/www.contigo.com.py\/pt-br\/","name":"REMAX Contigo","description":"#siempreCONTIGO","publisher":{"@id":"https:\/\/www.contigo.com.py\/pt-br\/#organization"},"potentialAction":[{"@type":"SearchAction","target":{"@type":"EntryPoint","urlTemplate":"https:\/\/www.contigo.com.py\/pt-br\/?s={search_term_string}"},"query-input":"required name=search_term_string"}],"inLanguage":"pt-BR"},{"@type":"Organization","@id":"https:\/\/www.contigo.com.py\/pt-br\/#organization","name":"Re\/Max CONTIGO","url":"https:\/\/www.contigo.com.py\/pt-br\/","logo":{"@type":"ImageObject","inLanguage":"pt-BR","@id":"https:\/\/www.contigo.com.py\/pt-br\/#\/schema\/logo\/image\/","url":"https:\/\/www.contigo.com.py\/wp-content\/uploads\/2021\/11\/cropped-Logo.jpg","contentUrl":"https:\/\/www.contigo.com.py\/wp-content\/uploads\/2021\/11\/cropped-Logo.jpg","width":512,"height":512,"caption":"Re\/Max CONTIGO"},"image":{"@id":"https:\/\/www.contigo.com.py\/pt-br\/#\/schema\/logo\/image\/"},"sameAs":["https:\/\/www.facebook.com\/remaxcontigopy","https:\/\/www.instagram.com\/remaxcontigo","https:\/\/t.me\/ImmobilieParaguay","https:\/\/wa.me\/c\/595983282444"]}]}},"_links":{"self":[{"href":"https:\/\/www.contigo.com.py\/pt-br\/wp-json\/wp\/v2\/pages\/1531","targetHints":{"allow":["GET"]}}],"collection":[{"href":"https:\/\/www.contigo.com.py\/pt-br\/wp-json\/wp\/v2\/pages"}],"about":[{"href":"https:\/\/www.contigo.com.py\/pt-br\/wp-json\/wp\/v2\/types\/page"}],"author":[{"embeddable":true,"href":"https:\/\/www.contigo.com.py\/pt-br\/wp-json\/wp\/v2\/users\/3"}],"replies":[{"embeddable":true,"href":"https:\/\/www.contigo.com.py\/pt-br\/wp-json\/wp\/v2\/comments?post=1531"}],"version-history":[{"count":7,"href":"https:\/\/www.contigo.com.py\/pt-br\/wp-json\/wp\/v2\/pages\/1531\/revisions"}],"predecessor-version":[{"id":1558,"href":"https:\/\/www.contigo.com.py\/pt-br\/wp-json\/wp\/v2\/pages\/1531\/revisions\/1558"}],"wp:attachment":[{"href":"https:\/\/www.contigo.com.py\/pt-br\/wp-json\/wp\/v2\/media?parent=1531"}],"curies":[{"name":"wp","href":"https:\/\/api.w.org\/{rel}","templated":true}]}}